{"id":227,"date":"2019-11-21T19:53:04","date_gmt":"2019-11-21T19:53:04","guid":{"rendered":"http:\/\/lkw-oldtimer.de\/?page_id=227"},"modified":"2019-11-24T09:58:53","modified_gmt":"2019-11-24T09:58:53","slug":"ueber-uns","status":"publish","type":"page","link":"https:\/\/lkw-oldtimer.de\/ueber-uns\/","title":{"rendered":"\u00dcber uns"},"content":{"rendered":"\n<p class=\"has-medium-font-size\"><strong>Interessengemeinschaft S\u00fcddeutsche LKW-Veteranen-Freunde<\/strong> <\/p>\n\n\n\n<p>Im November 1998 haben \u00fcber 100 Freunde historischer Nutzfahrzeuge aus dem s\u00fcddeutschen Raum die Interessengemeinschaft S\u00fcddeutsche LKW-Veteranen-Freunde gegr\u00fcndet.&nbsp; <br><\/p>\n\n\n\n<p>Ein Gro\u00dfteil der Mitglieder kannte sich bereits von verschiedenen Oldtimer-Veranstaltungen mit Lastwagen der Nachkriegs- und Wirtschaftswunderzeit. <\/p>\n\n\n\n<p><strong>Oldtimer &#8211; Enthusiasten aufrechterhalten.<\/strong><\/p>\n\n\n\n<p> Die Mitglieder werden &#8211; mehrmals im Jahr &#8211; durch Rundbriefe \u00fcber Veranstaltungen und Entwicklungen in der Szene informiert. Dar\u00fcber hinaus organisieren wir j\u00e4hrlich, meist im Fr\u00fchjahr, eine Busfahrt zu befreundeten Sammlerkollegen und Museen in Deutschland oder ins angrenzende Ausland. <\/p>\n\n\n\n<p>Oldtimertreffen, Museen oder Privatsammlungen organisiert denen man sich gerne anschlie\u00dfen darf. Aktuell ist in Planung wieder ein J\u00e4hrliches Oldtimer-Nutzfahrzeugtreffen in Eigenregie durchzuf\u00fchren dies ben\u00f6tigt aber immer auch engagierte Mitglieder wie dich! <\/p>\n\n\n\n<p>Zudem treffen wir uns einmal im Jahr zu einem Stammtisch im Autohof Herz\u00b4l an der B36 bei Bruchsal.&nbsp; Dort findet zwischen einem Jahresr\u00fcckblick sowie eine Vorschau auf kommende Oldtimer-Saison immer ein reger Erfahrungsaustausch und Fachsimpeleien statt ( Man lernt einfach NIE aus . <\/p>\n\n\n\n<p>Zu unseren Mitgliedern z\u00e4hlen sowohl Besitzer\nvon alten Nutzfahrzeugen, als auch Modellbauer, Hobby-Photographen und Leute,\ndie sich f\u00fcr alte Fahrzeugtechnik, deren Geschichte und nicht zu vergessen, die\nGeschichten rund um die alten Lastwagen und deren ehemaligen Eigent\u00fcmer und\nFahrer, interessieren. <\/p>\n\n\n\n<p>Nat\u00fcrlich freuen wir uns \u00fcber weitere &#8220;\nSammler \/ Schrauber \/ Fahrer\/ Begeisterte f\u00fcr die Technik&#8220; die sich uns\nanschlie\u00dfen wollen.&nbsp; <br>\nSollte\ndu dich also auch f\u00fcr das Hobby interessieren, nehme einfach Kontakt mit uns\nauf. <\/p>\n\n\n\n<p>&nbsp;Besuche uns &nbsp;auch mal bei den Social Media\u00b4s&nbsp; : <a href=\"https:\/\/www.facebook.com\/IGLKW\/?ref=br_rs\">https:\/\/www.facebook.com\/IGLKW\/<\/a><br> &nbsp;&nbsp;&nbsp;&nbsp;&nbsp;&nbsp;&nbsp;&nbsp;&nbsp;&nbsp;&nbsp;&nbsp;&nbsp;&nbsp;&nbsp;&nbsp;&nbsp;&nbsp;&nbsp;&nbsp;&nbsp;&nbsp;&nbsp;&nbsp;&nbsp;&nbsp;&nbsp;&nbsp;&nbsp;&nbsp;&nbsp;&nbsp;&nbsp;&nbsp;&nbsp;&nbsp;&nbsp;&nbsp;&nbsp;&nbsp;&nbsp;&nbsp;&nbsp;&nbsp;&nbsp;&nbsp;&nbsp;&nbsp;&nbsp;&nbsp;&nbsp;&nbsp;&nbsp;&nbsp;&nbsp;&nbsp;&nbsp;&nbsp;&nbsp;&nbsp;&nbsp;&nbsp;&nbsp; &nbsp; <\/p>\n\n\n\n<p>Deine Interessengemeinschaft S\u00fcddeutsche LKW-Veteranen-Freunde&nbsp;  <\/p>\n","protected":false},"excerpt":{"rendered":"<p>Interessengemeinschaft S\u00fcddeutsche LKW-Veteranen-Freunde Im November 1998 haben \u00fcber 100 Freunde historischer Nutzfahrzeuge aus dem s\u00fcddeutschen Raum die Interessengemeinschaft S\u00fcddeutsche LKW-Veteranen-Freunde gegr\u00fcndet.&nbsp; Ein Gro\u00dfteil der Mitglieder kannte sich bereits von verschiedenen Oldtimer-Veranstaltungen mit Lastwagen der Nachkriegs- und Wirtschaftswunderzeit. Oldtimer &#8211; Enthusiasten aufrechterhalten. Die Mitglieder werden &#8211; mehrmals im Jahr &#8211; durch Rundbriefe \u00fcber Veranstaltungen und Entwicklungen in der Szene informiert. Dar\u00fcber &#8230; <a href=\"https:\/\/lkw-oldtimer.de\/ueber-uns\/\" class=\"more-link\">Read More<\/a><\/p>\n","protected":false},"author":2,"featured_media":0,"parent":0,"menu_order":0,"comment_status":"closed","ping_status":"closed","template":"template-blank-1.php","meta":{"rs_blank_template":"","rs_page_bg_color":"","slide_template_v7":"","footnotes":""},"class_list":["post-227","page","type-page","status-publish","hentry","no-post-thumbnail"],"_links":{"self":[{"href":"https:\/\/lkw-oldtimer.de\/wp-json\/wp\/v2\/pages\/227","targetHints":{"allow":["GET"]}}],"collection":[{"href":"https:\/\/lkw-oldtimer.de\/wp-json\/wp\/v2\/pages"}],"about":[{"href":"https:\/\/lkw-oldtimer.de\/wp-json\/wp\/v2\/types\/page"}],"author":[{"embeddable":true,"href":"https:\/\/lkw-oldtimer.de\/wp-json\/wp\/v2\/users\/2"}],"replies":[{"embeddable":true,"href":"https:\/\/lkw-oldtimer.de\/wp-json\/wp\/v2\/comments?post=227"}],"version-history":[{"count":13,"href":"https:\/\/lkw-oldtimer.de\/wp-json\/wp\/v2\/pages\/227\/revisions"}],"predecessor-version":[{"id":333,"href":"https:\/\/lkw-oldtimer.de\/wp-json\/wp\/v2\/pages\/227\/revisions\/333"}],"wp:attachment":[{"href":"https:\/\/lkw-oldtimer.de\/wp-json\/wp\/v2\/media?parent=227"}],"curies":[{"name":"wp","href":"https:\/\/api.w.org\/{rel}","templated":true}]}}